{"id":137,"date":"2020-08-28T14:22:31","date_gmt":"2020-08-28T12:22:31","guid":{"rendered":"https:\/\/matservices63.com\/?page_id=137"},"modified":"2020-09-08T16:03:08","modified_gmt":"2020-09-08T14:03:08","slug":"encombrants","status":"publish","type":"page","link":"https:\/\/matservices63.com\/index.php\/encombrants\/","title":{"rendered":"Encombrants"},"content":{"rendered":"\n<div class=\"wp-block-cover has-background-dim\" style=\"background-image:url(https:\/\/matservices63.com\/wp-content\/uploads\/2020\/08\/bulky-waste-5279249_1920.jpg)\"><div class=\"wp-block-cover__inner-container is-layout-flow wp-block-cover-is-layout-flow\">\n<p class=\"has-text-align-center has-large-font-size\"><\/p>\n<\/div><\/div>\n\n\n\n<h2 class=\"wp-block-heading\">Encombrants<\/h2>\n\n\n\n<hr class=\"wp-block-separator is-style-wide\"\/>\n\n\n\n<p>Les d\u00e9chets volumineux (encombrants) des m\u00e9nages ne sont pas collect\u00e9s avec les ordures m\u00e9nag\u00e8res.<\/p>\n\n\n\n<p>Les objets doivent \u00eatre solides et transportables \u00e0 deux. Ils ne doivent ne pas mettre en danger la s\u00e9curit\u00e9 de nos \u00e9quipes ( produit toxique, vitres&#8230;) &nbsp;<\/p>\n\n\n\n<p>Exemples:<\/p>\n\n\n\n<p>Table, chaise, bureau, sommier, canap\u00e9, r\u00e9frig\u00e9rateur, lavabo, radiateur,  bac \u00e0 douche\u2026<\/p>\n\n\n\n<p>Vous souhaitez vous en d\u00e9barrasser ? Les \u00e9quipes de Matservices peuvent les collecter pour vous afin des les transporter vers les centres de traitements appropri\u00e9s. Ils seront ainsi revaloriser si cela est possible.<\/p>\n\n\n\n<hr class=\"wp-block-separator is-style-wide\"\/>\n\n\n\n<p>Besoin d\u2019un ramassage d&#8217;<strong>Encombrants<\/strong>&nbsp;? <a href=\"https:\/\/matservices63.com\/index.php\/contact\/\">Contactez nous<\/a><\/p>\n","protected":false},"excerpt":{"rendered":"<p>Encombrants Les d\u00e9chets volumineux (encombrants) des m\u00e9nages ne sont pas collect\u00e9s avec les ordures m\u00e9nag\u00e8res. Les objets doivent \u00eatre solides et transportables \u00e0 deux. Ils ne doivent ne pas mettre en danger la s\u00e9curit\u00e9 de nos \u00e9quipes ( produit toxique, vitres&#8230;) &nbsp; Exemples: Table, chaise, bureau, sommier, canap\u00e9, r\u00e9frig\u00e9rateur, lavabo, radiateur, bac \u00e0 douche\u2026 Vous [&hellip;]<\/p>\n","protected":false},"author":1,"featured_media":0,"parent":0,"menu_order":0,"comment_status":"closed","ping_status":"closed","template":"","meta":{"footnotes":""},"class_list":["post-137","page","type-page","status-publish","hentry"],"_links":{"self":[{"href":"https:\/\/matservices63.com\/index.php\/wp-json\/wp\/v2\/pages\/137","targetHints":{"allow":["GET"]}}],"collection":[{"href":"https:\/\/matservices63.com\/index.php\/wp-json\/wp\/v2\/pages"}],"about":[{"href":"https:\/\/matservices63.com\/index.php\/wp-json\/wp\/v2\/types\/page"}],"author":[{"embeddable":true,"href":"https:\/\/matservices63.com\/index.php\/wp-json\/wp\/v2\/users\/1"}],"replies":[{"embeddable":true,"href":"https:\/\/matservices63.com\/index.php\/wp-json\/wp\/v2\/comments?post=137"}],"version-history":[{"count":9,"href":"https:\/\/matservices63.com\/index.php\/wp-json\/wp\/v2\/pages\/137\/revisions"}],"predecessor-version":[{"id":373,"href":"https:\/\/matservices63.com\/index.php\/wp-json\/wp\/v2\/pages\/137\/revisions\/373"}],"wp:attachment":[{"href":"https:\/\/matservices63.com\/index.php\/wp-json\/wp\/v2\/media?parent=137"}],"curies":[{"name":"wp","href":"https:\/\/api.w.org\/{rel}","templated":true}]}}