{"id":135,"date":"2020-08-28T14:21:11","date_gmt":"2020-08-28T12:21:11","guid":{"rendered":"https:\/\/matservices63.com\/?page_id=135"},"modified":"2020-09-08T15:37:48","modified_gmt":"2020-09-08T13:37:48","slug":"intervention-puces-punaises-de-lit-blattes","status":"publish","type":"page","link":"https:\/\/matservices63.com\/index.php\/intervention-puces-punaises-de-lit-blattes\/","title":{"rendered":"Intervention puces punaises de lit blattes"},"content":{"rendered":"\n<div class=\"wp-block-cover has-background-dim\" style=\"background-image:url(https:\/\/matservices63.com\/wp-content\/uploads\/2020\/09\/cockroach-4832821_1920.jpg)\"><div class=\"wp-block-cover__inner-container is-layout-flow wp-block-cover-is-layout-flow\">\n<p class=\"has-text-align-center has-large-font-size\"><\/p>\n<\/div><\/div>\n\n\n\n<h2 class=\"wp-block-heading\">Intervention puces punaises de lit \/ blattes<\/h2>\n\n\n\n<hr class=\"wp-block-separator is-style-wide\"\/>\n\n\n\n<p class=\"has-text-align-left\">La punaise de lit est un insecte dit h\u00e9matophage. Dans les habitations, elle se nourrit de tout le sang possible (que ce soit celui de l\u2019\u00eatre humain ou bien de celui des animaux domestiques). Bien que sa piq\u00fbre soit indolore, elle provoque par la suite des d\u00e9mangeaisons ainsi que l\u2019apparition de petits boutons rouges. Cet insecte a tendance a fuir la lumi\u00e8re du jour et agit plut\u00f4t de fa\u00e7on nocturne ce qui le rend particuli\u00e8rement difficile a d\u00e9tecter.<\/p>\n\n\n\n<p class=\"has-text-align-left\">On les trouve le plus souvent dans la literie mais on peut aussi les trouver dans les canap\u00e9s et la tapisserie. Des taches fonc\u00e9es ou rouge\u00e2tres sur les draps et les matelas indique \u00e0 coup s\u00fbr leur pr\u00e9sence.<\/p>\n\n\n\n<p class=\"has-text-align-left\">Un traitement rapide est recommand\u00e9, car plus vous attendez plus elles seront difficiles a \u00e9radiquer.<\/p>\n\n\n\n<p class=\"has-text-align-left\">Les \u00e9quipes de Matservices sont \u00e0 votre disposition pour vous aider a retrouver le sommeil et \u00e0 vous d\u00e9barrasser d\u00e9finitivement de ces nuisibles. &nbsp;<\/p>\n\n\n\n<p><\/p>\n\n\n\n<hr class=\"wp-block-separator is-style-wide\"\/>\n\n\n\n<p><br>Besoin d&#8217;une intervention de&nbsp;<strong>D\u00e9sinsectisation<\/strong> ? <a href=\"https:\/\/matservices63.com\/index.php\/contact\/\">Contactez nous<\/a><\/p>\n","protected":false},"excerpt":{"rendered":"<p>Intervention puces punaises de lit \/ blattes La punaise de lit est un insecte dit h\u00e9matophage. Dans les habitations, elle se nourrit de tout le sang possible (que ce soit celui de l\u2019\u00eatre humain ou bien de celui des animaux domestiques). Bien que sa piq\u00fbre soit indolore, elle provoque par la suite des d\u00e9mangeaisons ainsi [&hellip;]<\/p>\n","protected":false},"author":1,"featured_media":0,"parent":0,"menu_order":0,"comment_status":"closed","ping_status":"closed","template":"","meta":{"footnotes":""},"class_list":["post-135","page","type-page","status-publish","hentry"],"_links":{"self":[{"href":"https:\/\/matservices63.com\/index.php\/wp-json\/wp\/v2\/pages\/135","targetHints":{"allow":["GET"]}}],"collection":[{"href":"https:\/\/matservices63.com\/index.php\/wp-json\/wp\/v2\/pages"}],"about":[{"href":"https:\/\/matservices63.com\/index.php\/wp-json\/wp\/v2\/types\/page"}],"author":[{"embeddable":true,"href":"https:\/\/matservices63.com\/index.php\/wp-json\/wp\/v2\/users\/1"}],"replies":[{"embeddable":true,"href":"https:\/\/matservices63.com\/index.php\/wp-json\/wp\/v2\/comments?post=135"}],"version-history":[{"count":11,"href":"https:\/\/matservices63.com\/index.php\/wp-json\/wp\/v2\/pages\/135\/revisions"}],"predecessor-version":[{"id":371,"href":"https:\/\/matservices63.com\/index.php\/wp-json\/wp\/v2\/pages\/135\/revisions\/371"}],"wp:attachment":[{"href":"https:\/\/matservices63.com\/index.php\/wp-json\/wp\/v2\/media?parent=135"}],"curies":[{"name":"wp","href":"https:\/\/api.w.org\/{rel}","templated":true}]}}