{"id":133,"date":"2020-08-28T14:20:08","date_gmt":"2020-08-28T12:20:08","guid":{"rendered":"https:\/\/matservices63.com\/?page_id=133"},"modified":"2020-09-08T20:20:32","modified_gmt":"2020-09-08T18:20:32","slug":"nettoyage-extreme","status":"publish","type":"page","link":"https:\/\/matservices63.com\/index.php\/nettoyage-extreme\/","title":{"rendered":"Nettoyage Extr\u00eame"},"content":{"rendered":"\n<div class=\"wp-block-cover has-background-dim\" style=\"background-image:url(https:\/\/matservices63.com\/wp-content\/uploads\/2020\/08\/rubbish-143465_1920.jpg)\"><div class=\"wp-block-cover__inner-container is-layout-flow wp-block-cover-is-layout-flow\">\n<p class=\"has-text-align-center has-large-font-size\"><\/p>\n<\/div><\/div>\n\n\n\n<h2 class=\"wp-block-heading\">Nettoyage Extr\u00eame<\/h2>\n\n\n\n<hr class=\"wp-block-separator is-style-wide\"\/>\n\n\n\n<p><\/p>\n\n\n\n<div class=\"wp-block-columns is-layout-flex wp-container-core-columns-is-layout-9d6595d7 wp-block-columns-is-layout-flex\">\n<div class=\"wp-block-column is-layout-flow wp-block-column-is-layout-flow\">\n<div class=\"wp-block-media-text alignwide is-stacked-on-mobile\"><figure class=\"wp-block-media-text__media\"><img loading=\"lazy\" decoding=\"async\" width=\"1024\" height=\"768\" src=\"https:\/\/matservices63.com\/wp-content\/uploads\/2020\/09\/clutter-360058_1920-1024x768.jpg\" alt=\"\" class=\"wp-image-342\" srcset=\"https:\/\/matservices63.com\/wp-content\/uploads\/2020\/09\/clutter-360058_1920-1024x768.jpg 1024w, https:\/\/matservices63.com\/wp-content\/uploads\/2020\/09\/clutter-360058_1920-300x225.jpg 300w, https:\/\/matservices63.com\/wp-content\/uploads\/2020\/09\/clutter-360058_1920-768x576.jpg 768w, https:\/\/matservices63.com\/wp-content\/uploads\/2020\/09\/clutter-360058_1920-1536x1152.jpg 1536w, https:\/\/matservices63.com\/wp-content\/uploads\/2020\/09\/clutter-360058_1920.jpg 1920w\" sizes=\"auto, (max-width: 1024px) 100vw, 1024px\" \/><\/figure><div class=\"wp-block-media-text__content\">\n<p class=\"has-large-font-size\">Syndrome de diog\u00e8ne<\/p>\n<\/div><\/div>\n<\/div>\n\n\n\n<div class=\"wp-block-column is-layout-flow wp-block-column-is-layout-flow\">\n<div class=\"wp-block-media-text alignwide is-stacked-on-mobile\"><figure class=\"wp-block-media-text__media\"><img loading=\"lazy\" decoding=\"async\" width=\"1024\" height=\"683\" src=\"https:\/\/matservices63.com\/wp-content\/uploads\/2020\/09\/dilapidated-983952_1920-1024x683.jpg\" alt=\"\" class=\"wp-image-340\" srcset=\"https:\/\/matservices63.com\/wp-content\/uploads\/2020\/09\/dilapidated-983952_1920-1024x683.jpg 1024w, https:\/\/matservices63.com\/wp-content\/uploads\/2020\/09\/dilapidated-983952_1920-300x200.jpg 300w, https:\/\/matservices63.com\/wp-content\/uploads\/2020\/09\/dilapidated-983952_1920-768x512.jpg 768w, https:\/\/matservices63.com\/wp-content\/uploads\/2020\/09\/dilapidated-983952_1920-1536x1024.jpg 1536w, https:\/\/matservices63.com\/wp-content\/uploads\/2020\/09\/dilapidated-983952_1920.jpg 1920w\" sizes=\"auto, (max-width: 1024px) 100vw, 1024px\" \/><\/figure><div class=\"wp-block-media-text__content\">\n<p class=\"has-large-font-size\">Nettoyage insalubre<\/p>\n<\/div><\/div>\n<\/div>\n<\/div>\n\n\n\n<div class=\"wp-block-columns is-layout-flex wp-container-core-columns-is-layout-9d6595d7 wp-block-columns-is-layout-flex\">\n<div class=\"wp-block-column is-layout-flow wp-block-column-is-layout-flow\">\n<div class=\"wp-block-media-text alignwide is-stacked-on-mobile\"><figure class=\"wp-block-media-text__media\"><img loading=\"lazy\" decoding=\"async\" width=\"1024\" height=\"642\" src=\"https:\/\/matservices63.com\/wp-content\/uploads\/2020\/09\/modern-minimalist-bathroom-3115450_1280-1024x642.jpg\" alt=\"\" class=\"wp-image-321\" srcset=\"https:\/\/matservices63.com\/wp-content\/uploads\/2020\/09\/modern-minimalist-bathroom-3115450_1280-1024x642.jpg 1024w, https:\/\/matservices63.com\/wp-content\/uploads\/2020\/09\/modern-minimalist-bathroom-3115450_1280-300x188.jpg 300w, https:\/\/matservices63.com\/wp-content\/uploads\/2020\/09\/modern-minimalist-bathroom-3115450_1280-768x482.jpg 768w, https:\/\/matservices63.com\/wp-content\/uploads\/2020\/09\/modern-minimalist-bathroom-3115450_1280.jpg 1280w\" sizes=\"auto, (max-width: 1024px) 100vw, 1024px\" \/><\/figure><div class=\"wp-block-media-text__content\">\n<p class=\"has-large-font-size\">Nettoyage fin de chantier<\/p>\n<\/div><\/div>\n<\/div>\n\n\n\n<div class=\"wp-block-column is-layout-flow wp-block-column-is-layout-flow\">\n<div class=\"wp-block-media-text alignwide is-stacked-on-mobile\"><figure class=\"wp-block-media-text__media\"><img loading=\"lazy\" decoding=\"async\" width=\"1024\" height=\"683\" src=\"https:\/\/matservices63.com\/wp-content\/uploads\/2020\/09\/east-places-4474824_1920-1024x683.jpg\" alt=\"\" class=\"wp-image-339\" srcset=\"https:\/\/matservices63.com\/wp-content\/uploads\/2020\/09\/east-places-4474824_1920-1024x683.jpg 1024w, https:\/\/matservices63.com\/wp-content\/uploads\/2020\/09\/east-places-4474824_1920-300x200.jpg 300w, https:\/\/matservices63.com\/wp-content\/uploads\/2020\/09\/east-places-4474824_1920-768x512.jpg 768w, https:\/\/matservices63.com\/wp-content\/uploads\/2020\/09\/east-places-4474824_1920-1536x1024.jpg 1536w, https:\/\/matservices63.com\/wp-content\/uploads\/2020\/09\/east-places-4474824_1920.jpg 1920w\" sizes=\"auto, (max-width: 1024px) 100vw, 1024px\" \/><\/figure><div class=\"wp-block-media-text__content\">\n<p class=\"has-large-font-size\">Nettoyage apr\u00e8s sinistre<\/p>\n<\/div><\/div>\n\n\n\n<p><\/p>\n<\/div>\n<\/div>\n\n\n\n<p>Que ce soit pour s\u2019occuper d\u2019un logement dit Diog\u00e8ne ( du nom du trouble du comportement conduisant \u00e0 des conditions de vie n\u00e9glig\u00e9es, voire insalubres ) , d\u2019un logement squatt\u00e9, ou ayant subi un sinistre ou tout simplement d\u2019une fin de chantier, les \u00e9quipes de Matservices sont l\u00e0.<\/p>\n\n\n\n<p>Munis des \u00e9quipements de protection adapt\u00e9s, nos \u00e9quipes respectent un protocole adapt\u00e9 dans le respect et la plus grande discr\u00e9tion :<\/p>\n\n\n\n<ul class=\"wp-block-list\"><li>\u00c9laboration d&#8217;un \u00e9tat des lieux&nbsp;<\/li><li>\u00c9tablissement d&#8217;un plan d\u2019action<\/li><li>D\u00e9sinfection<\/li><li>Tris et d\u00e9barras des d\u00e9chets toxiques ou non<\/li><li>Nettoyage<\/li><\/ul>\n\n\n\n<hr class=\"wp-block-separator is-style-wide\"\/>\n\n\n\n<p>Besoin d\u2019une intervention de&nbsp;<strong>Nettoyage<\/strong>&nbsp;? <a href=\"https:\/\/matservices63.com\/index.php\/contact\/\">Contactez nous<\/a><\/p>\n","protected":false},"excerpt":{"rendered":"<p>Nettoyage Extr\u00eame Syndrome de diog\u00e8ne Nettoyage insalubre Nettoyage fin de chantier Nettoyage apr\u00e8s sinistre Que ce soit pour s\u2019occuper d\u2019un logement dit Diog\u00e8ne ( du nom du trouble du comportement conduisant \u00e0 des conditions de vie n\u00e9glig\u00e9es, voire insalubres ) , d\u2019un logement squatt\u00e9, ou ayant subi un sinistre ou tout simplement d\u2019une fin de [&hellip;]<\/p>\n","protected":false},"author":1,"featured_media":0,"parent":0,"menu_order":0,"comment_status":"closed","ping_status":"closed","template":"","meta":{"footnotes":""},"class_list":["post-133","page","type-page","status-publish","hentry"],"_links":{"self":[{"href":"https:\/\/matservices63.com\/index.php\/wp-json\/wp\/v2\/pages\/133","targetHints":{"allow":["GET"]}}],"collection":[{"href":"https:\/\/matservices63.com\/index.php\/wp-json\/wp\/v2\/pages"}],"about":[{"href":"https:\/\/matservices63.com\/index.php\/wp-json\/wp\/v2\/types\/page"}],"author":[{"embeddable":true,"href":"https:\/\/matservices63.com\/index.php\/wp-json\/wp\/v2\/users\/1"}],"replies":[{"embeddable":true,"href":"https:\/\/matservices63.com\/index.php\/wp-json\/wp\/v2\/comments?post=133"}],"version-history":[{"count":17,"href":"https:\/\/matservices63.com\/index.php\/wp-json\/wp\/v2\/pages\/133\/revisions"}],"predecessor-version":[{"id":374,"href":"https:\/\/matservices63.com\/index.php\/wp-json\/wp\/v2\/pages\/133\/revisions\/374"}],"wp:attachment":[{"href":"https:\/\/matservices63.com\/index.php\/wp-json\/wp\/v2\/media?parent=133"}],"curies":[{"name":"wp","href":"https:\/\/api.w.org\/{rel}","templated":true}]}}