{"id":129,"date":"2020-08-28T14:18:27","date_gmt":"2020-08-28T12:18:27","guid":{"rendered":"https:\/\/matservices63.com\/?page_id=129"},"modified":"2020-09-08T15:08:20","modified_gmt":"2020-09-08T13:08:20","slug":"deratisation","status":"publish","type":"page","link":"https:\/\/matservices63.com\/index.php\/deratisation\/","title":{"rendered":"D\u00e9ratisation"},"content":{"rendered":"\n<div class=\"wp-block-cover has-background-dim\" style=\"background-image:url(https:\/\/matservices63.com\/wp-content\/uploads\/2020\/08\/rodent-3229592_1920.jpg)\"><div class=\"wp-block-cover__inner-container is-layout-flow wp-block-cover-is-layout-flow\">\n<p class=\"has-text-align-center has-large-font-size\"><\/p>\n<\/div><\/div>\n\n\n\n<p><\/p>\n\n\n\n<h2 class=\"wp-block-heading\">La D\u00e9ratisation<\/h2>\n\n\n\n<hr class=\"wp-block-separator is-style-wide\"\/>\n\n\n\n<p><\/p>\n\n\n\n<p>L\u2019invasion par des rongeurs ( rats, souris etc &#8230; ) n\u00e9cessite une d\u00e9ratisation rapide et efficace afin d\u2019\u00e9viter une prolif\u00e9ration rapide ainsi que de nombreuses d\u00e9gradations.<\/p>\n\n\n\n<p>Non seulement ils peuvent entra\u00eener des bruits et des odeurs d\u00e9sagr\u00e9ables mais ils peuvent aussi d\u00e9grader vos murs, vos sols et les c\u00e2bles \u00e9lectriques.  Cela peut engendrer des d\u00e9gats materiels considerables et dans le pire des cas des incendies.<\/p>\n\n\n\n<p>Dans le but d\u2019obtenir les meilleurs r\u00e9sultats possibles\u00a0lors d\u2019une d\u00e9ratisation, il est important de proc\u00e9der par \u00e9tapes :<\/p>\n\n\n\n<ul class=\"wp-block-list\" id=\"block-ff76244f-6adb-4391-b19f-99b019c005ed\"><li>Proc\u00e9der \u00e0 un \u00e9tat des lieux&nbsp;<\/li><\/ul>\n\n\n\n<ul class=\"wp-block-list\" id=\"block-ff76244f-6adb-4391-b19f-99b019c005ed\"><li>Etablir un plan d&#8217;action<\/li><\/ul>\n\n\n\n<ul class=\"wp-block-list\" id=\"block-ff76244f-6adb-4391-b19f-99b019c005ed\"><li>\u00c9liminer les rongeurs par l&#8217;utilisation de raticides, d&#8217;app\u00e2ts&#8230;.&nbsp;<\/li><\/ul>\n\n\n\n<ul class=\"wp-block-list\" id=\"block-ff76244f-6adb-4391-b19f-99b019c005ed\"><li>Installer eventuellement des pi\u00e8ges<\/li><\/ul>\n\n\n\n<ul class=\"wp-block-list\" id=\"block-ff76244f-6adb-4391-b19f-99b019c005ed\"><li>Empecher le retour des rongeurs par l&#8217;installation de grilles et le rebouchage des trous<\/li><\/ul>\n\n\n\n<hr class=\"wp-block-separator is-style-wide\"\/>\n\n\n\n<p>Besoin d&#8217;une intervention de&nbsp;<strong>D\u00e9ratisation<\/strong> ? <a href=\"https:\/\/matservices63.com\/index.php\/contact\/\">Contactez nous<\/a><\/p>\n","protected":false},"excerpt":{"rendered":"<p>La D\u00e9ratisation L\u2019invasion par des rongeurs ( rats, souris etc &#8230; ) n\u00e9cessite une d\u00e9ratisation rapide et efficace afin d\u2019\u00e9viter une prolif\u00e9ration rapide ainsi que de nombreuses d\u00e9gradations. Non seulement ils peuvent entra\u00eener des bruits et des odeurs d\u00e9sagr\u00e9ables mais ils peuvent aussi d\u00e9grader vos murs, vos sols et les c\u00e2bles \u00e9lectriques. Cela peut engendrer [&hellip;]<\/p>\n","protected":false},"author":1,"featured_media":0,"parent":0,"menu_order":0,"comment_status":"closed","ping_status":"closed","template":"","meta":{"footnotes":""},"class_list":["post-129","page","type-page","status-publish","hentry"],"_links":{"self":[{"href":"https:\/\/matservices63.com\/index.php\/wp-json\/wp\/v2\/pages\/129","targetHints":{"allow":["GET"]}}],"collection":[{"href":"https:\/\/matservices63.com\/index.php\/wp-json\/wp\/v2\/pages"}],"about":[{"href":"https:\/\/matservices63.com\/index.php\/wp-json\/wp\/v2\/types\/page"}],"author":[{"embeddable":true,"href":"https:\/\/matservices63.com\/index.php\/wp-json\/wp\/v2\/users\/1"}],"replies":[{"embeddable":true,"href":"https:\/\/matservices63.com\/index.php\/wp-json\/wp\/v2\/comments?post=129"}],"version-history":[{"count":22,"href":"https:\/\/matservices63.com\/index.php\/wp-json\/wp\/v2\/pages\/129\/revisions"}],"predecessor-version":[{"id":363,"href":"https:\/\/matservices63.com\/index.php\/wp-json\/wp\/v2\/pages\/129\/revisions\/363"}],"wp:attachment":[{"href":"https:\/\/matservices63.com\/index.php\/wp-json\/wp\/v2\/media?parent=129"}],"curies":[{"name":"wp","href":"https:\/\/api.w.org\/{rel}","templated":true}]}}