{"id":127,"date":"2020-08-28T14:17:20","date_gmt":"2020-08-28T12:17:20","guid":{"rendered":"https:\/\/matservices63.com\/?page_id=127"},"modified":"2020-09-07T21:20:46","modified_gmt":"2020-09-07T19:20:46","slug":"desinfection","status":"publish","type":"page","link":"https:\/\/matservices63.com\/index.php\/desinfection\/","title":{"rendered":"D\u00e9sinfection"},"content":{"rendered":"\n<p><\/p>\n\n\n\n<div class=\"wp-block-cover has-background-dim\" style=\"background-image:url(https:\/\/matservices63.com\/wp-content\/uploads\/2020\/08\/covid-19-4974768_1920.jpg)\"><div class=\"wp-block-cover__inner-container is-layout-flow wp-block-cover-is-layout-flow\">\n<p><\/p>\n<\/div><\/div>\n\n\n\n<h2 class=\"wp-block-heading\">D\u00e9sinfection<\/h2>\n\n\n\n<hr class=\"wp-block-separator is-style-wide\"\/>\n\n\n\n<p>Nos \u00e9quipes utilisent des solutions de pulv\u00e9risation ou de n\u00e9bulisation avec des produits conformes \u00e0 la l\u00e9gislation en vigueur.<\/p>\n\n\n\n<p>La d\u00e9sinfection est une prestation visant \u00e0 \u00e9liminer la pr\u00e9sence des microbes, des bact\u00e9ries, et des autres agents infectieux qui peuvent rester coll\u00e9s sur ces surfaces et aussi d\u2019\u00e9viter tout risques de re-contamination ult\u00e9rieure.<\/p>\n\n\n\n<p>Cette d\u00e9sinfection peut \u00eatre r\u00e9alis\u00e9 dans des lieux divers et vari\u00e9s que ce soit des logements sociaux ou priv\u00e9s, des bureaux, des hangars ou \u00e0 tout autre b\u00e2timent recevant du public et cela quelque soit la surface \u00e0 traiter.<\/p>\n\n\n\n<hr class=\"wp-block-separator is-style-wide\"\/>\n\n\n\n<p>Besoin d\u2019une intervention de&nbsp;<strong>D\u00e9sinfection<\/strong>&nbsp;? <strong><a href=\"https:\/\/matservices63.com\/index.php\/contact\/\">Contactez nous<\/a><\/strong><\/p>\n","protected":false},"excerpt":{"rendered":"<p>D\u00e9sinfection Nos \u00e9quipes utilisent des solutions de pulv\u00e9risation ou de n\u00e9bulisation avec des produits conformes \u00e0 la l\u00e9gislation en vigueur. La d\u00e9sinfection est une prestation visant \u00e0 \u00e9liminer la pr\u00e9sence des microbes, des bact\u00e9ries, et des autres agents infectieux qui peuvent rester coll\u00e9s sur ces surfaces et aussi d\u2019\u00e9viter tout risques de re-contamination ult\u00e9rieure. Cette [&hellip;]<\/p>\n","protected":false},"author":1,"featured_media":0,"parent":0,"menu_order":0,"comment_status":"closed","ping_status":"closed","template":"","meta":{"footnotes":""},"class_list":["post-127","page","type-page","status-publish","hentry"],"_links":{"self":[{"href":"https:\/\/matservices63.com\/index.php\/wp-json\/wp\/v2\/pages\/127","targetHints":{"allow":["GET"]}}],"collection":[{"href":"https:\/\/matservices63.com\/index.php\/wp-json\/wp\/v2\/pages"}],"about":[{"href":"https:\/\/matservices63.com\/index.php\/wp-json\/wp\/v2\/types\/page"}],"author":[{"embeddable":true,"href":"https:\/\/matservices63.com\/index.php\/wp-json\/wp\/v2\/users\/1"}],"replies":[{"embeddable":true,"href":"https:\/\/matservices63.com\/index.php\/wp-json\/wp\/v2\/comments?post=127"}],"version-history":[{"count":8,"href":"https:\/\/matservices63.com\/index.php\/wp-json\/wp\/v2\/pages\/127\/revisions"}],"predecessor-version":[{"id":353,"href":"https:\/\/matservices63.com\/index.php\/wp-json\/wp\/v2\/pages\/127\/revisions\/353"}],"wp:attachment":[{"href":"https:\/\/matservices63.com\/index.php\/wp-json\/wp\/v2\/media?parent=127"}],"curies":[{"name":"wp","href":"https:\/\/api.w.org\/{rel}","templated":true}]}}