{"id":104,"date":"2020-08-28T04:27:56","date_gmt":"2020-08-28T02:27:56","guid":{"rendered":"https:\/\/matservices63.com\/?page_id=104"},"modified":"2020-08-31T19:56:13","modified_gmt":"2020-08-31T17:56:13","slug":"services","status":"publish","type":"page","link":"https:\/\/matservices63.com\/index.php\/services\/","title":{"rendered":"Services"},"content":{"rendered":"\n<div class=\"wp-block-media-text alignwide is-stacked-on-mobile\"><figure class=\"wp-block-media-text__media\"><img loading=\"lazy\" decoding=\"async\" width=\"1024\" height=\"683\" src=\"https:\/\/matservices63.com\/wp-content\/uploads\/2020\/08\/pexels-matilda-wormwood-4099264-1024x683.jpg\" alt=\"\" class=\"wp-image-153\" srcset=\"https:\/\/matservices63.com\/wp-content\/uploads\/2020\/08\/pexels-matilda-wormwood-4099264-1024x683.jpg 1024w, https:\/\/matservices63.com\/wp-content\/uploads\/2020\/08\/pexels-matilda-wormwood-4099264-300x200.jpg 300w, https:\/\/matservices63.com\/wp-content\/uploads\/2020\/08\/pexels-matilda-wormwood-4099264-768x512.jpg 768w, https:\/\/matservices63.com\/wp-content\/uploads\/2020\/08\/pexels-matilda-wormwood-4099264-1536x1025.jpg 1536w, https:\/\/matservices63.com\/wp-content\/uploads\/2020\/08\/pexels-matilda-wormwood-4099264-2048x1367.jpg 2048w\" sizes=\"auto, (max-width: 1024px) 100vw, 1024px\" \/><\/figure><div class=\"wp-block-media-text__content\">\n<p class=\"has-large-font-size\"><a href=\"https:\/\/matservices63.com\/index.php\/desinfection-suite-a-deces\/\">D\u00c9SINFECTION SUITE \u00c0 D\u00c9C\u00c8S<\/a><\/p>\n\n\n\n<p>Nettoyage minutieux rapide et discret pour eviter les infections et infestations potentielles.<\/p>\n<\/div><\/div>\n\n\n\n<p><\/p>\n\n\n\n<div class=\"wp-block-media-text alignwide is-stacked-on-mobile\"><figure class=\"wp-block-media-text__media\"><img loading=\"lazy\" decoding=\"async\" width=\"1024\" height=\"791\" src=\"https:\/\/matservices63.com\/wp-content\/uploads\/2020\/08\/disinfection-5246340_1920-1024x791.png\" alt=\"\" class=\"wp-image-84\" srcset=\"https:\/\/matservices63.com\/wp-content\/uploads\/2020\/08\/disinfection-5246340_1920-1024x791.png 1024w, https:\/\/matservices63.com\/wp-content\/uploads\/2020\/08\/disinfection-5246340_1920-300x232.png 300w, https:\/\/matservices63.com\/wp-content\/uploads\/2020\/08\/disinfection-5246340_1920-768x594.png 768w, https:\/\/matservices63.com\/wp-content\/uploads\/2020\/08\/disinfection-5246340_1920-1536x1187.png 1536w, https:\/\/matservices63.com\/wp-content\/uploads\/2020\/08\/disinfection-5246340_1920.png 1920w\" sizes=\"auto, (max-width: 1024px) 100vw, 1024px\" \/><\/figure><div class=\"wp-block-media-text__content\">\n<p class=\"has-large-font-size\"><a href=\"https:\/\/matservices63.com\/index.php\/desinfection\/\">D\u00c9SINFECTION<\/a><\/p>\n\n\n\n<p>D\u00e9sinfection de toutes surfaces susceptibles d\u2019\u00eatre contamin\u00e9es par pulv\u00e9risation et ou par n\u00e9bulisation.<\/p>\n<\/div><\/div>\n\n\n\n<p><\/p>\n\n\n\n<div class=\"wp-block-media-text alignwide is-stacked-on-mobile\"><figure class=\"wp-block-media-text__media\"><img loading=\"lazy\" decoding=\"async\" width=\"1024\" height=\"1014\" src=\"https:\/\/matservices63.com\/wp-content\/uploads\/2020\/08\/liam-read-F5eTiNPVyuA-unsplash-1024x1014.jpg\" alt=\"\" class=\"wp-image-98\" srcset=\"https:\/\/matservices63.com\/wp-content\/uploads\/2020\/08\/liam-read-F5eTiNPVyuA-unsplash-1024x1014.jpg 1024w, https:\/\/matservices63.com\/wp-content\/uploads\/2020\/08\/liam-read-F5eTiNPVyuA-unsplash-300x297.jpg 300w, https:\/\/matservices63.com\/wp-content\/uploads\/2020\/08\/liam-read-F5eTiNPVyuA-unsplash-150x150.jpg 150w, https:\/\/matservices63.com\/wp-content\/uploads\/2020\/08\/liam-read-F5eTiNPVyuA-unsplash-768x761.jpg 768w, https:\/\/matservices63.com\/wp-content\/uploads\/2020\/08\/liam-read-F5eTiNPVyuA-unsplash-1536x1521.jpg 1536w, https:\/\/matservices63.com\/wp-content\/uploads\/2020\/08\/liam-read-F5eTiNPVyuA-unsplash-2048x2029.jpg 2048w\" sizes=\"auto, (max-width: 1024px) 100vw, 1024px\" \/><\/figure><div class=\"wp-block-media-text__content\">\n<p class=\"has-large-font-size\"><a href=\"https:\/\/matservices63.com\/index.php\/deratisation\/\">D\u00c9RATISATION<\/a><\/p>\n\n\n\n<p>\u00c9radication des rongeurs nuisibles tels que les rats et les souris.<\/p>\n\n\n\n<p><\/p>\n<\/div><\/div>\n\n\n\n<p><\/p>\n\n\n\n<div class=\"wp-block-media-text alignwide is-stacked-on-mobile\"><figure class=\"wp-block-media-text__media\"><img loading=\"lazy\" decoding=\"async\" width=\"1024\" height=\"683\" src=\"https:\/\/matservices63.com\/wp-content\/uploads\/2020\/08\/rubbish-143465_1920-1024x683.jpg\" alt=\"\" class=\"wp-image-87\" srcset=\"https:\/\/matservices63.com\/wp-content\/uploads\/2020\/08\/rubbish-143465_1920-1024x683.jpg 1024w, https:\/\/matservices63.com\/wp-content\/uploads\/2020\/08\/rubbish-143465_1920-300x200.jpg 300w, https:\/\/matservices63.com\/wp-content\/uploads\/2020\/08\/rubbish-143465_1920-768x512.jpg 768w, https:\/\/matservices63.com\/wp-content\/uploads\/2020\/08\/rubbish-143465_1920-1536x1024.jpg 1536w, https:\/\/matservices63.com\/wp-content\/uploads\/2020\/08\/rubbish-143465_1920.jpg 1920w\" sizes=\"auto, (max-width: 1024px) 100vw, 1024px\" \/><\/figure><div class=\"wp-block-media-text__content\">\n<p class=\"has-large-font-size\"><a href=\"https:\/\/matservices63.com\/index.php\/nettoyage-extreme\/\">NETTOYAGE EXTR\u00caME<\/a><\/p>\n\n\n\n<p>D\u00e9barras, nettoyage, d\u00e9sinfection et remise en etat de locaux \/ logements degrad\u00e9s (syndrome de diog\u00e8ne, squat&#8230;) .<\/p>\n<\/div><\/div>\n\n\n\n<p><\/p>\n\n\n\n<div class=\"wp-block-media-text alignwide is-stacked-on-mobile\"><figure class=\"wp-block-media-text__media\"><img loading=\"lazy\" decoding=\"async\" width=\"1024\" height=\"819\" src=\"https:\/\/matservices63.com\/wp-content\/uploads\/2020\/08\/covid-19-5010565_1920-1024x819.jpg\" alt=\"\" class=\"wp-image-96\" srcset=\"https:\/\/matservices63.com\/wp-content\/uploads\/2020\/08\/covid-19-5010565_1920-1024x819.jpg 1024w, https:\/\/matservices63.com\/wp-content\/uploads\/2020\/08\/covid-19-5010565_1920-300x240.jpg 300w, https:\/\/matservices63.com\/wp-content\/uploads\/2020\/08\/covid-19-5010565_1920-768x614.jpg 768w, https:\/\/matservices63.com\/wp-content\/uploads\/2020\/08\/covid-19-5010565_1920-1536x1228.jpg 1536w, https:\/\/matservices63.com\/wp-content\/uploads\/2020\/08\/covid-19-5010565_1920.jpg 1920w\" sizes=\"auto, (max-width: 1024px) 100vw, 1024px\" \/><\/figure><div class=\"wp-block-media-text__content\">\n<p class=\"has-large-font-size\"><a href=\"https:\/\/matservices63.com\/index.php\/intervention-puces-punaises-de-lit-blattes\/\">INTERVENTIONS PUCES PUNAISES DE LIT BLATTES<\/a><\/p>\n\n\n\n<p>\u00c9radication des insectes nuisibles tels que les punaises de lit, blattes, cafards etc &#8230;<\/p>\n<\/div><\/div>\n\n\n\n<p><\/p>\n\n\n\n<div class=\"wp-block-media-text alignwide is-stacked-on-mobile\"><figure class=\"wp-block-media-text__media\"><img loading=\"lazy\" decoding=\"async\" width=\"1024\" height=\"683\" src=\"https:\/\/matservices63.com\/wp-content\/uploads\/2020\/08\/bulky-waste-5279249_1920-1024x683.jpg\" alt=\"\" class=\"wp-image-86\" srcset=\"https:\/\/matservices63.com\/wp-content\/uploads\/2020\/08\/bulky-waste-5279249_1920-1024x683.jpg 1024w, https:\/\/matservices63.com\/wp-content\/uploads\/2020\/08\/bulky-waste-5279249_1920-300x200.jpg 300w, https:\/\/matservices63.com\/wp-content\/uploads\/2020\/08\/bulky-waste-5279249_1920-768x512.jpg 768w, https:\/\/matservices63.com\/wp-content\/uploads\/2020\/08\/bulky-waste-5279249_1920-1536x1024.jpg 1536w, https:\/\/matservices63.com\/wp-content\/uploads\/2020\/08\/bulky-waste-5279249_1920.jpg 1920w\" sizes=\"auto, (max-width: 1024px) 100vw, 1024px\" \/><\/figure><div class=\"wp-block-media-text__content\">\n<p class=\"has-large-font-size\"><a href=\"https:\/\/matservices63.com\/index.php\/encombrants\/\">EMCOMBRANTS<\/a><\/p>\n\n\n\n<p>Ramassage et valorisation de tout type d&#8217;encombrants.<\/p>\n<\/div><\/div>\n\n\n\n<p><\/p>\n\n\n\n<div class=\"wp-block-media-text alignwide is-stacked-on-mobile\"><figure class=\"wp-block-media-text__media\"><img loading=\"lazy\" decoding=\"async\" width=\"1024\" height=\"768\" src=\"https:\/\/matservices63.com\/wp-content\/uploads\/2020\/08\/PICT0287-1024x768.jpg\" alt=\"\" class=\"wp-image-162\" srcset=\"https:\/\/matservices63.com\/wp-content\/uploads\/2020\/08\/PICT0287-1024x768.jpg 1024w, https:\/\/matservices63.com\/wp-content\/uploads\/2020\/08\/PICT0287-300x225.jpg 300w, https:\/\/matservices63.com\/wp-content\/uploads\/2020\/08\/PICT0287-768x576.jpg 768w, https:\/\/matservices63.com\/wp-content\/uploads\/2020\/08\/PICT0287-1536x1152.jpg 1536w, https:\/\/matservices63.com\/wp-content\/uploads\/2020\/08\/PICT0287-2048x1536.jpg 2048w\" sizes=\"auto, (max-width: 1024px) 100vw, 1024px\" \/><\/figure><div class=\"wp-block-media-text__content\">\n<p class=\"has-large-font-size\"><a href=\"https:\/\/matservices63.com\/index.php\/pigeonniers\/\">PIGEONNIERS<\/a><\/p>\n\n\n\n<p>R\u00e9gulation des populations de pigeons en ville.<\/p>\n<\/div><\/div>\n","protected":false},"excerpt":{"rendered":"<p>D\u00c9SINFECTION SUITE \u00c0 D\u00c9C\u00c8S Nettoyage minutieux rapide et discret pour eviter les infections et infestations potentielles. D\u00c9SINFECTION D\u00e9sinfection de toutes surfaces susceptibles d\u2019\u00eatre contamin\u00e9es par pulv\u00e9risation et ou par n\u00e9bulisation. D\u00c9RATISATION \u00c9radication des rongeurs nuisibles tels que les rats et les souris. NETTOYAGE EXTR\u00caME D\u00e9barras, nettoyage, d\u00e9sinfection et remise en etat de locaux \/ logements [&hellip;]<\/p>\n","protected":false},"author":1,"featured_media":0,"parent":0,"menu_order":0,"comment_status":"closed","ping_status":"closed","template":"","meta":{"footnotes":""},"class_list":["post-104","page","type-page","status-publish","hentry"],"_links":{"self":[{"href":"https:\/\/matservices63.com\/index.php\/wp-json\/wp\/v2\/pages\/104","targetHints":{"allow":["GET"]}}],"collection":[{"href":"https:\/\/matservices63.com\/index.php\/wp-json\/wp\/v2\/pages"}],"about":[{"href":"https:\/\/matservices63.com\/index.php\/wp-json\/wp\/v2\/types\/page"}],"author":[{"embeddable":true,"href":"https:\/\/matservices63.com\/index.php\/wp-json\/wp\/v2\/users\/1"}],"replies":[{"embeddable":true,"href":"https:\/\/matservices63.com\/index.php\/wp-json\/wp\/v2\/comments?post=104"}],"version-history":[{"count":27,"href":"https:\/\/matservices63.com\/index.php\/wp-json\/wp\/v2\/pages\/104\/revisions"}],"predecessor-version":[{"id":273,"href":"https:\/\/matservices63.com\/index.php\/wp-json\/wp\/v2\/pages\/104\/revisions\/273"}],"wp:attachment":[{"href":"https:\/\/matservices63.com\/index.php\/wp-json\/wp\/v2\/media?parent=104"}],"curies":[{"name":"wp","href":"https:\/\/api.w.org\/{rel}","templated":true}]}}